{"id":45,"date":"2025-11-04T12:15:21","date_gmt":"2025-11-04T11:15:21","guid":{"rendered":"https:\/\/summum-consultinggroup.com\/?page_id=45"},"modified":"2025-11-05T15:09:26","modified_gmt":"2025-11-05T14:09:26","slug":"presentation","status":"publish","type":"page","link":"https:\/\/summum-consultinggroup.com\/?page_id=45","title":{"rendered":"Pr\u00e9sentation"},"content":{"rendered":"<p style=\"text-align: justify;\"><strong><img loading=\"lazy\" decoding=\"async\" class=\"aligncenter wp-image-282 size-full\" src=\"https:\/\/summum-consultinggroup.com\/wp-content\/uploads\/2025\/11\/coni.png\" alt=\"\" width=\"577\" height=\"392\" srcset=\"https:\/\/summum-consultinggroup.com\/wp-content\/uploads\/2025\/11\/coni.png 577w, https:\/\/summum-consultinggroup.com\/wp-content\/uploads\/2025\/11\/coni-300x204.png 300w\" sizes=\"auto, (max-width: 577px) 100vw, 577px\" \/>SUMMUM CONSULTING GROUP<\/strong>\u00a0se positionne comme un interlocuteur fiable pour la construction du succ\u00e8s et la durabilit\u00e9 des organisations et des individus.<\/p>\n<p style=\"text-align: justify;\">Fort de sa maitrise des d\u00e9fis et probl\u00e9matiques de d\u00e9veloppement \u00e9conomique et de fonctionnement des entreprises et des institutions, SUMMUM CONSULTING GROUP a \u00e9tabli un r\u00e9seau d\u2019experts, de consultants, de formateurs, de coachs et partenaires organisationnels dans l\u2019optique de se mettre au service des organisations africaines par un package de solutions adapt\u00e9es.<\/p>\n","protected":false},"excerpt":{"rendered":"<p>SUMMUM CONSULTING GROUP\u00a0se positionne comme un interlocuteur fiable pour la construction du succ\u00e8s et la durabilit\u00e9 des organisations et des individus. Fort de sa maitrise des d\u00e9fis et probl\u00e9matiques de d\u00e9veloppement \u00e9conomique et de fonctionnement des entreprises et des institutions, SUMMUM CONSULTING GROUP a \u00e9tabli un r\u00e9seau d\u2019experts, de consultants, de formateurs, de coachs et [&hellip;]<\/p>\n","protected":false},"author":1,"featured_media":0,"parent":0,"menu_order":0,"comment_status":"closed","ping_status":"closed","template":"","meta":{"footnotes":""},"class_list":["post-45","page","type-page","status-publish","hentry"],"_links":{"self":[{"href":"https:\/\/summum-consultinggroup.com\/index.php?rest_route=\/wp\/v2\/pages\/45","targetHints":{"allow":["GET"]}}],"collection":[{"href":"https:\/\/summum-consultinggroup.com\/index.php?rest_route=\/wp\/v2\/pages"}],"about":[{"href":"https:\/\/summum-consultinggroup.com\/index.php?rest_route=\/wp\/v2\/types\/page"}],"author":[{"embeddable":true,"href":"https:\/\/summum-consultinggroup.com\/index.php?rest_route=\/wp\/v2\/users\/1"}],"replies":[{"embeddable":true,"href":"https:\/\/summum-consultinggroup.com\/index.php?rest_route=%2Fwp%2Fv2%2Fcomments&post=45"}],"version-history":[{"count":5,"href":"https:\/\/summum-consultinggroup.com\/index.php?rest_route=\/wp\/v2\/pages\/45\/revisions"}],"predecessor-version":[{"id":283,"href":"https:\/\/summum-consultinggroup.com\/index.php?rest_route=\/wp\/v2\/pages\/45\/revisions\/283"}],"wp:attachment":[{"href":"https:\/\/summum-consultinggroup.com\/index.php?rest_route=%2Fwp%2Fv2%2Fmedia&parent=45"}],"curies":[{"name":"wp","href":"https:\/\/api.w.org\/{rel}","templated":true}]}}