{"id":58,"date":"2025-11-04T12:24:06","date_gmt":"2025-11-04T11:24:06","guid":{"rendered":"https:\/\/summum-consultinggroup.com\/?page_id=58"},"modified":"2025-11-05T14:55:42","modified_gmt":"2025-11-05T13:55:42","slug":"notre-approche-dintervention","status":"publish","type":"page","link":"https:\/\/summum-consultinggroup.com\/?page_id=58","title":{"rendered":"Notre approche d\u2019intervention"},"content":{"rendered":"<p style=\"text-align: justify;\"><strong>Nous nous engageons avec nos clients autour de leurs probl\u00e9matiques \u00e0 travers une d\u00e9march\u00e9 \u00e0 quatre \u00e9tapes\u00a0:<\/strong><\/p>\n<p style=\"text-align: justify;\"><strong><img loading=\"lazy\" decoding=\"async\" class=\"size-medium wp-image-273 alignleft\" src=\"https:\/\/summum-consultinggroup.com\/wp-content\/uploads\/2025\/11\/com1-300x202.png\" alt=\"\" width=\"300\" height=\"202\" srcset=\"https:\/\/summum-consultinggroup.com\/wp-content\/uploads\/2025\/11\/com1-300x202.png 300w, https:\/\/summum-consultinggroup.com\/wp-content\/uploads\/2025\/11\/com1.png 535w\" sizes=\"auto, (max-width: 300px) 100vw, 300px\" \/>Analyser<\/strong><\/p>\n<p style=\"text-align: justify;\">Pour conduire \u00e0 bien la mission et atteindre les r\u00e9sultats attendus, nous collectons les donn\u00e9es et analysons la situation actuelle de votre organisation dans l\u2019optique de d\u00e9celer vos facteurs de comp\u00e9titivit\u00e9 et vos points d\u2019am\u00e9lioration.<\/p>\n<p style=\"text-align: justify;\"><strong>Planifier<\/strong><\/p>\n<p style=\"text-align: justify;\">Une fois qu\u2019une analyse approfondie est faite, un plan d\u2019action est \u00e9labor\u00e9 conform\u00e9ment \u00e0 la vision et aux priorit\u00e9s de d\u00e9veloppement de l\u2019organisation et en s\u2019appuyant sur ses ressources. L\u2019\u00e9quipe de Summum Consulting Group travaillera de concert avec vous pour d\u00e9velopper un plan qui est op\u00e9rationnel et qui permet de relever vos d\u00e9fis.<\/p>\n<ul style=\"text-align: justify;\">\n<li>Plan strat\u00e9gique de d\u00e9veloppement<\/li>\n<li>Plan d\u2019internationalisation<\/li>\n<li>Plan de communication<\/li>\n<li>Plan de positionnement ou de repositionnement de la marque<\/li>\n<li>Plan marketing<\/li>\n<li>Plan de formation<\/li>\n<li>Indicateurs cl\u00e9 de performance<\/li>\n<\/ul>\n<p style=\"text-align: justify;\"><strong>Executer<\/strong><\/p>\n<ul style=\"text-align: justify;\">\n<li>A Summum Consulting Group, nous nous engageons \u00e0 vous accompagner dans la mise en oeuvre de votre plan strat\u00e9gique. Notre partition dans le partenariat est d\u2019apporter l\u2019expertise n\u00e9cessaire pour renforcer vos \u00e9quipes et optimiser l\u2019atteinte des r\u00e9sultats.<\/li>\n<\/ul>\n<p style=\"text-align: justify;\"><strong>Evaluer<\/strong><\/p>\n<ul>\n<li style=\"text-align: justify;\">Nous nous engageons avec vous dans un processus continu de suivi et d\u2019\u00e9valuation pour nous assurer que les strat\u00e9gies et tactiques mises en \u0153uvre produisent les r\u00e9sultats attendus. Nous d\u00e9finissons pour ce faire des indicateurs de performance qui nous permettre de renforcer ou ajuster notre strat\u00e9gie de fa\u00e7on flexible.<\/li>\n<\/ul>\n","protected":false},"excerpt":{"rendered":"<p>Nous nous engageons avec nos clients autour de leurs probl\u00e9matiques \u00e0 travers une d\u00e9march\u00e9 \u00e0 quatre \u00e9tapes\u00a0: Analyser Pour conduire \u00e0 bien la mission et atteindre les r\u00e9sultats attendus, nous collectons les donn\u00e9es et analysons la situation actuelle de votre organisation dans l\u2019optique de d\u00e9celer vos facteurs de comp\u00e9titivit\u00e9 et vos points d\u2019am\u00e9lioration. Planifier Une [&hellip;]<\/p>\n","protected":false},"author":1,"featured_media":0,"parent":0,"menu_order":0,"comment_status":"closed","ping_status":"closed","template":"","meta":{"footnotes":""},"class_list":["post-58","page","type-page","status-publish","hentry"],"_links":{"self":[{"href":"https:\/\/summum-consultinggroup.com\/index.php?rest_route=\/wp\/v2\/pages\/58","targetHints":{"allow":["GET"]}}],"collection":[{"href":"https:\/\/summum-consultinggroup.com\/index.php?rest_route=\/wp\/v2\/pages"}],"about":[{"href":"https:\/\/summum-consultinggroup.com\/index.php?rest_route=\/wp\/v2\/types\/page"}],"author":[{"embeddable":true,"href":"https:\/\/summum-consultinggroup.com\/index.php?rest_route=\/wp\/v2\/users\/1"}],"replies":[{"embeddable":true,"href":"https:\/\/summum-consultinggroup.com\/index.php?rest_route=%2Fwp%2Fv2%2Fcomments&post=58"}],"version-history":[{"count":2,"href":"https:\/\/summum-consultinggroup.com\/index.php?rest_route=\/wp\/v2\/pages\/58\/revisions"}],"predecessor-version":[{"id":274,"href":"https:\/\/summum-consultinggroup.com\/index.php?rest_route=\/wp\/v2\/pages\/58\/revisions\/274"}],"wp:attachment":[{"href":"https:\/\/summum-consultinggroup.com\/index.php?rest_route=%2Fwp%2Fv2%2Fmedia&parent=58"}],"curies":[{"name":"wp","href":"https:\/\/api.w.org\/{rel}","templated":true}]}}