{"id":60,"date":"2025-11-04T12:25:56","date_gmt":"2025-11-04T11:25:56","guid":{"rendered":"https:\/\/summum-consultinggroup.com\/?page_id=60"},"modified":"2025-11-05T15:07:25","modified_gmt":"2025-11-05T14:07:25","slug":"nos-valeurs","status":"publish","type":"page","link":"https:\/\/summum-consultinggroup.com\/?page_id=60","title":{"rendered":"Nos valeurs"},"content":{"rendered":"<p><img loading=\"lazy\" decoding=\"async\" class=\"alignnone size-medium wp-image-280 alignleft\" src=\"https:\/\/summum-consultinggroup.com\/wp-content\/uploads\/2025\/11\/valeur-300x242.png\" alt=\"\" width=\"300\" height=\"242\" srcset=\"https:\/\/summum-consultinggroup.com\/wp-content\/uploads\/2025\/11\/valeur-300x242.png 300w, https:\/\/summum-consultinggroup.com\/wp-content\/uploads\/2025\/11\/valeur.png 446w\" sizes=\"auto, (max-width: 300px) 100vw, 300px\" \/>L\u2019\u00e9quipe de <strong>SUMMUM CONSULTING GROUP<\/strong> incarne des valeurs cardinales au quotidien. Le bureau met un point d\u2019honneur \u00e0 respecter ces valeurs :<\/p>\n<ul style=\"text-align: justify;\">\n<li>Int\u00e9grit\u00e9\u00a0: s\u2019engager dans nos interventions \u00e0 faire preuve d\u2019une probit\u00e9 intellectuelle et morale sans faille.<\/li>\n<li>Empathie\u00a0: s\u2019identifier \u00e0 nos clients et nous impliquer pour aider \u00e0 l\u2019exploitation des potentiels individuels et collectifs.<\/li>\n<li>Le sens de l\u2019engagement : s\u2019en tenir \u00e0 la parole donn\u00e9e et faire montre de professionnalisme<\/li>\n<li>La culture du r\u00e9sultat\u00a0:\u00a0b\u00e2tir son action autour de l\u2019atteinte des r\u00e9sultats attendus.<\/li>\n<li>L\u2019innovation\u00a0:\u00a0\u00eatre au-devant pour proposer des solutions nouvelles adapt\u00e9es aux besoins et d\u00e9fis du moment.<\/li>\n<li>Responsabilit\u00e9 : Chez SUMMUM CONSULTING GROUP nous nous effor\u00e7ons d\u2019\u00eatre une soci\u00e9t\u00e9 citoyenne socialement et \u00e9cologiquement responsable \u00e0 travers tous les projets que nous accompagnons.<\/li>\n<\/ul>\n<p style=\"text-align: justify;\">Ces valeurs sont subtilement inculqu\u00e9es \u00e0 nos consultants, experts et personnel afin qu\u2019ils enrobent nos services d\u2019orientation-client, d\u2019empathie et sens de l\u2019objectif conjoint pour construire la confiance et une qualit\u00e9 exceptionnelle.<\/p>\n","protected":false},"excerpt":{"rendered":"<p>L\u2019\u00e9quipe de SUMMUM CONSULTING GROUP incarne des valeurs cardinales au quotidien. Le bureau met un point d\u2019honneur \u00e0 respecter ces valeurs : Int\u00e9grit\u00e9\u00a0: s\u2019engager dans nos interventions \u00e0 faire preuve d\u2019une probit\u00e9 intellectuelle et morale sans faille. Empathie\u00a0: s\u2019identifier \u00e0 nos clients et nous impliquer pour aider \u00e0 l\u2019exploitation des potentiels individuels et collectifs. Le [&hellip;]<\/p>\n","protected":false},"author":1,"featured_media":0,"parent":0,"menu_order":0,"comment_status":"closed","ping_status":"closed","template":"","meta":{"footnotes":""},"class_list":["post-60","page","type-page","status-publish","hentry"],"_links":{"self":[{"href":"https:\/\/summum-consultinggroup.com\/index.php?rest_route=\/wp\/v2\/pages\/60","targetHints":{"allow":["GET"]}}],"collection":[{"href":"https:\/\/summum-consultinggroup.com\/index.php?rest_route=\/wp\/v2\/pages"}],"about":[{"href":"https:\/\/summum-consultinggroup.com\/index.php?rest_route=\/wp\/v2\/types\/page"}],"author":[{"embeddable":true,"href":"https:\/\/summum-consultinggroup.com\/index.php?rest_route=\/wp\/v2\/users\/1"}],"replies":[{"embeddable":true,"href":"https:\/\/summum-consultinggroup.com\/index.php?rest_route=%2Fwp%2Fv2%2Fcomments&post=60"}],"version-history":[{"count":2,"href":"https:\/\/summum-consultinggroup.com\/index.php?rest_route=\/wp\/v2\/pages\/60\/revisions"}],"predecessor-version":[{"id":281,"href":"https:\/\/summum-consultinggroup.com\/index.php?rest_route=\/wp\/v2\/pages\/60\/revisions\/281"}],"wp:attachment":[{"href":"https:\/\/summum-consultinggroup.com\/index.php?rest_route=%2Fwp%2Fv2%2Fmedia&parent=60"}],"curies":[{"name":"wp","href":"https:\/\/api.w.org\/{rel}","templated":true}]}}