{"id":71,"date":"2025-11-04T12:38:20","date_gmt":"2025-11-04T11:38:20","guid":{"rendered":"https:\/\/summum-consultinggroup.com\/?page_id=71"},"modified":"2025-11-05T15:24:45","modified_gmt":"2025-11-05T14:24:45","slug":"developpement-organisationnel-et-des-affaires","status":"publish","type":"page","link":"https:\/\/summum-consultinggroup.com\/?page_id=71","title":{"rendered":"D\u00e9veloppement organisationnel et des affaires"},"content":{"rendered":"<p style=\"text-align: justify;\"><img loading=\"lazy\" decoding=\"async\" class=\" wp-image-292 alignleft\" src=\"https:\/\/summum-consultinggroup.com\/wp-content\/uploads\/2025\/11\/Devlp-300x184.png\" alt=\"\" width=\"380\" height=\"233\" srcset=\"https:\/\/summum-consultinggroup.com\/wp-content\/uploads\/2025\/11\/Devlp-300x184.png 300w, https:\/\/summum-consultinggroup.com\/wp-content\/uploads\/2025\/11\/Devlp.png 700w\" sizes=\"auto, (max-width: 380px) 100vw, 380px\" \/>Renforcer le mod\u00e8le organisationnel de votre entreprise ou institution avec pour cible l\u2019excellence et la durabilit\u00e9 en s\u2019inspirant des bonnes pratiques et des mod\u00e8les de r\u00e9ussite.<\/p>\n<p style=\"text-align: justify;\">Regarder \u00e0 la loupe votre mod\u00e8le d\u2019affaires, engager une dynamique de cr\u00e9ativit\u00e9 et d\u2019innovation, concevoir une proposition de valeur \u00e0 la lumi\u00e8re des attentes de vos publics cibles et des dynamiques de votre secteur ou march\u00e9, d\u00e9finir gr\u00e2ce \u00e0 des \u00e9quipes hautement qualifi\u00e9es et des outils et d\u00e9marches efficaces, votre itin\u00e9raire de croissance et de d\u00e9veloppement des affaires.<\/p>\n<ul>\n<li style=\"text-align: justify;\">Appui au d\u00e9ploiement d\u2019un syst\u00e8me de servuction gagnant<\/li>\n<li style=\"text-align: justify;\">Elaboration de strat\u00e9gies marketing et commerciale<\/li>\n<li style=\"text-align: justify;\">\u00c9tudes de client\u00e8les (satisfaction, notori\u00e9t\u00e9, d\u2019image)<\/li>\n<\/ul>\n","protected":false},"excerpt":{"rendered":"<p>Renforcer le mod\u00e8le organisationnel de votre entreprise ou institution avec pour cible l\u2019excellence et la durabilit\u00e9 en s\u2019inspirant des bonnes pratiques et des mod\u00e8les de r\u00e9ussite. Regarder \u00e0 la loupe votre mod\u00e8le d\u2019affaires, engager une dynamique de cr\u00e9ativit\u00e9 et d\u2019innovation, concevoir une proposition de valeur \u00e0 la lumi\u00e8re des attentes de vos publics cibles et [&hellip;]<\/p>\n","protected":false},"author":1,"featured_media":0,"parent":0,"menu_order":0,"comment_status":"closed","ping_status":"closed","template":"","meta":{"footnotes":""},"class_list":["post-71","page","type-page","status-publish","hentry"],"_links":{"self":[{"href":"https:\/\/summum-consultinggroup.com\/index.php?rest_route=\/wp\/v2\/pages\/71","targetHints":{"allow":["GET"]}}],"collection":[{"href":"https:\/\/summum-consultinggroup.com\/index.php?rest_route=\/wp\/v2\/pages"}],"about":[{"href":"https:\/\/summum-consultinggroup.com\/index.php?rest_route=\/wp\/v2\/types\/page"}],"author":[{"embeddable":true,"href":"https:\/\/summum-consultinggroup.com\/index.php?rest_route=\/wp\/v2\/users\/1"}],"replies":[{"embeddable":true,"href":"https:\/\/summum-consultinggroup.com\/index.php?rest_route=%2Fwp%2Fv2%2Fcomments&post=71"}],"version-history":[{"count":3,"href":"https:\/\/summum-consultinggroup.com\/index.php?rest_route=\/wp\/v2\/pages\/71\/revisions"}],"predecessor-version":[{"id":294,"href":"https:\/\/summum-consultinggroup.com\/index.php?rest_route=\/wp\/v2\/pages\/71\/revisions\/294"}],"wp:attachment":[{"href":"https:\/\/summum-consultinggroup.com\/index.php?rest_route=%2Fwp%2Fv2%2Fmedia&parent=71"}],"curies":[{"name":"wp","href":"https:\/\/api.w.org\/{rel}","templated":true}]}}