{"id":73,"date":"2025-11-04T12:38:54","date_gmt":"2025-11-04T11:38:54","guid":{"rendered":"https:\/\/summum-consultinggroup.com\/?page_id=73"},"modified":"2025-11-05T15:27:47","modified_gmt":"2025-11-05T14:27:47","slug":"evaluation-et-etudes-de-projets-et-programmes-de-developpement","status":"publish","type":"page","link":"https:\/\/summum-consultinggroup.com\/?page_id=73","title":{"rendered":"\u00c9valuation et \u00e9tudes de projets et programmes de d\u00e9veloppement"},"content":{"rendered":"<p style=\"text-align: justify;\"><img loading=\"lazy\" decoding=\"async\" class=\"aligncenter wp-image-295 size-full\" src=\"https:\/\/summum-consultinggroup.com\/wp-content\/uploads\/2025\/11\/evalu.png\" alt=\"\" width=\"600\" height=\"453\" srcset=\"https:\/\/summum-consultinggroup.com\/wp-content\/uploads\/2025\/11\/evalu.png 600w, https:\/\/summum-consultinggroup.com\/wp-content\/uploads\/2025\/11\/evalu-300x227.png 300w\" sizes=\"auto, (max-width: 600px) 100vw, 600px\" \/>Nous d\u00e9ployons une expertise locale et internationale pour servir les ONG, l\u2019administration publique, les organisations internationales depuis la conception de leurs projets ou programmes jusqu\u2019\u00e0 l\u2019\u00e9valuation finale. Nous conduisons les \u00e9tudes de r\u00e9f\u00e9rence, les \u00e9valuations, le d\u00e9veloppement des \u00e9quipes et de l\u2019organisation, la strat\u00e9gie de communication et de mobilisation sociale, le plaidoyer, les strat\u00e9gies de fundraising et les \u00e9tudes d\u2019impact.<\/p>\n","protected":false},"excerpt":{"rendered":"<p>Nous d\u00e9ployons une expertise locale et internationale pour servir les ONG, l\u2019administration publique, les organisations internationales depuis la conception de leurs projets ou programmes jusqu\u2019\u00e0 l\u2019\u00e9valuation finale. Nous conduisons les \u00e9tudes de r\u00e9f\u00e9rence, les \u00e9valuations, le d\u00e9veloppement des \u00e9quipes et de l\u2019organisation, la strat\u00e9gie de communication et de mobilisation sociale, le plaidoyer, les strat\u00e9gies de [&hellip;]<\/p>\n","protected":false},"author":1,"featured_media":0,"parent":0,"menu_order":0,"comment_status":"closed","ping_status":"closed","template":"","meta":{"footnotes":""},"class_list":["post-73","page","type-page","status-publish","hentry"],"_links":{"self":[{"href":"https:\/\/summum-consultinggroup.com\/index.php?rest_route=\/wp\/v2\/pages\/73","targetHints":{"allow":["GET"]}}],"collection":[{"href":"https:\/\/summum-consultinggroup.com\/index.php?rest_route=\/wp\/v2\/pages"}],"about":[{"href":"https:\/\/summum-consultinggroup.com\/index.php?rest_route=\/wp\/v2\/types\/page"}],"author":[{"embeddable":true,"href":"https:\/\/summum-consultinggroup.com\/index.php?rest_route=\/wp\/v2\/users\/1"}],"replies":[{"embeddable":true,"href":"https:\/\/summum-consultinggroup.com\/index.php?rest_route=%2Fwp%2Fv2%2Fcomments&post=73"}],"version-history":[{"count":2,"href":"https:\/\/summum-consultinggroup.com\/index.php?rest_route=\/wp\/v2\/pages\/73\/revisions"}],"predecessor-version":[{"id":296,"href":"https:\/\/summum-consultinggroup.com\/index.php?rest_route=\/wp\/v2\/pages\/73\/revisions\/296"}],"wp:attachment":[{"href":"https:\/\/summum-consultinggroup.com\/index.php?rest_route=%2Fwp%2Fv2%2Fmedia&parent=73"}],"curies":[{"name":"wp","href":"https:\/\/api.w.org\/{rel}","templated":true}]}}