{"id":76,"date":"2025-11-04T12:41:53","date_gmt":"2025-11-04T11:41:53","guid":{"rendered":"https:\/\/summum-consultinggroup.com\/?page_id=76"},"modified":"2025-11-05T15:40:39","modified_gmt":"2025-11-05T14:40:39","slug":"etudes-strategiques-et-sectoriels-de-ladministration-publique","status":"publish","type":"page","link":"https:\/\/summum-consultinggroup.com\/?page_id=76","title":{"rendered":"Etudes strat\u00e9giques et sectoriels de l\u2019administration publique"},"content":{"rendered":"<p style=\"text-align: justify;\"><strong><img loading=\"lazy\" decoding=\"async\" class=\"wp-image-302  alignleft\" src=\"https:\/\/summum-consultinggroup.com\/wp-content\/uploads\/2025\/11\/tude-300x203.png\" alt=\"\" width=\"233\" height=\"158\" srcset=\"https:\/\/summum-consultinggroup.com\/wp-content\/uploads\/2025\/11\/tude-300x203.png 300w, https:\/\/summum-consultinggroup.com\/wp-content\/uploads\/2025\/11\/tude.png 700w\" sizes=\"auto, (max-width: 233px) 100vw, 233px\" \/>SUMMUM CONSULTING GROUP<\/strong>\u00a0mobilise une solide expertise pour accompagner les Etats dans leurs plans de d\u00e9veloppement. Il s\u2019agit principalement des \u00e9tudes pour l\u2019\u00e9laboration de politiques et strat\u00e9gies sectorielles, de diagnostic organisationnel et fonctionnel, de strat\u00e9gies de d\u00e9veloppement de fili\u00e8res de production, de modernisation de gestion, etc. Summum Consulting Group d\u00e9ploie particuli\u00e8rement une expertise dans le domaine touristique et h\u00f4telier, notamment l\u2019optimisation du fonctionnement des structures touristiques de l\u2019Etat, \u00a0les \u00e9tudes sur le secteur touristique, les \u00e9tudes de \u00a0d\u00e9veloppement touristique, l\u2019\u00e9laboration de sch\u00e9mas de d\u00e9veloppement touristique des collectivit\u00e9s locales, l\u2019accompagnement dans la valorisation des potentialit\u00e9s touristiques d\u2019une zone, l\u2019\u00e9laboration de strat\u00e9gies de promotion d\u2019une r\u00e9gion ou de \u00a0sites touristiques.<\/p>\n","protected":false},"excerpt":{"rendered":"<p>SUMMUM CONSULTING GROUP\u00a0mobilise une solide expertise pour accompagner les Etats dans leurs plans de d\u00e9veloppement. Il s\u2019agit principalement des \u00e9tudes pour l\u2019\u00e9laboration de politiques et strat\u00e9gies sectorielles, de diagnostic organisationnel et fonctionnel, de strat\u00e9gies de d\u00e9veloppement de fili\u00e8res de production, de modernisation de gestion, etc. Summum Consulting Group d\u00e9ploie particuli\u00e8rement une expertise dans le domaine [&hellip;]<\/p>\n","protected":false},"author":1,"featured_media":0,"parent":0,"menu_order":0,"comment_status":"closed","ping_status":"closed","template":"","meta":{"footnotes":""},"class_list":["post-76","page","type-page","status-publish","hentry"],"_links":{"self":[{"href":"https:\/\/summum-consultinggroup.com\/index.php?rest_route=\/wp\/v2\/pages\/76","targetHints":{"allow":["GET"]}}],"collection":[{"href":"https:\/\/summum-consultinggroup.com\/index.php?rest_route=\/wp\/v2\/pages"}],"about":[{"href":"https:\/\/summum-consultinggroup.com\/index.php?rest_route=\/wp\/v2\/types\/page"}],"author":[{"embeddable":true,"href":"https:\/\/summum-consultinggroup.com\/index.php?rest_route=\/wp\/v2\/users\/1"}],"replies":[{"embeddable":true,"href":"https:\/\/summum-consultinggroup.com\/index.php?rest_route=%2Fwp%2Fv2%2Fcomments&post=76"}],"version-history":[{"count":3,"href":"https:\/\/summum-consultinggroup.com\/index.php?rest_route=\/wp\/v2\/pages\/76\/revisions"}],"predecessor-version":[{"id":304,"href":"https:\/\/summum-consultinggroup.com\/index.php?rest_route=\/wp\/v2\/pages\/76\/revisions\/304"}],"wp:attachment":[{"href":"https:\/\/summum-consultinggroup.com\/index.php?rest_route=%2Fwp%2Fv2%2Fmedia&parent=76"}],"curies":[{"name":"wp","href":"https:\/\/api.w.org\/{rel}","templated":true}]}}