{"id":78,"date":"2025-11-04T12:43:16","date_gmt":"2025-11-04T11:43:16","guid":{"rendered":"https:\/\/summum-consultinggroup.com\/?page_id=78"},"modified":"2025-11-05T15:43:45","modified_gmt":"2025-11-05T14:43:45","slug":"entrepreneuriat-et-investissement","status":"publish","type":"page","link":"https:\/\/summum-consultinggroup.com\/?page_id=78","title":{"rendered":"Entrepreneuriat et investissement"},"content":{"rendered":"<p><img loading=\"lazy\" decoding=\"async\" class=\"wp-image-305  alignleft\" src=\"https:\/\/summum-consultinggroup.com\/wp-content\/uploads\/2025\/11\/invest.png\" alt=\"\" width=\"378\" height=\"253\" srcset=\"https:\/\/summum-consultinggroup.com\/wp-content\/uploads\/2025\/11\/invest.png 568w, https:\/\/summum-consultinggroup.com\/wp-content\/uploads\/2025\/11\/invest-300x201.png 300w\" sizes=\"auto, (max-width: 378px) 100vw, 378px\" \/>SUMMUM Consulting Group conjugue des profils et exp\u00e9riences riches et vari\u00e9es pour conseiller et suivre les porteurs de projets d\u2019investissements de l\u2019id\u00e9e au lancement de leurs entreprises ou projets. Il s\u2019agit principalement de\u00a0:<\/p>\n<ul>\n<li>Accompagnement dans la phase d\u2019id\u00e9ation et de cr\u00e9ativit\u00e9<\/li>\n<li>Elaboration d\u2019un business model<\/li>\n<li>Etudes de faisabilit\u00e9<\/li>\n<li>Elaboration de plan d\u2019affaires<\/li>\n<li>Accompagnement dans la mobilisation des financements<\/li>\n<li>Accompagnement de la recherche de la technologie et transfert de technologie<\/li>\n<li>Accompagnement dans l\u2019Innovation du Business Model<\/li>\n<li>Coaching du nouvel entrepreneur pour la prise en main de son affaire<\/li>\n<\/ul>\n","protected":false},"excerpt":{"rendered":"<p>SUMMUM Consulting Group conjugue des profils et exp\u00e9riences riches et vari\u00e9es pour conseiller et suivre les porteurs de projets d\u2019investissements de l\u2019id\u00e9e au lancement de leurs entreprises ou projets. Il s\u2019agit principalement de\u00a0: Accompagnement dans la phase d\u2019id\u00e9ation et de cr\u00e9ativit\u00e9 Elaboration d\u2019un business model Etudes de faisabilit\u00e9 Elaboration de plan d\u2019affaires Accompagnement dans la [&hellip;]<\/p>\n","protected":false},"author":1,"featured_media":0,"parent":0,"menu_order":0,"comment_status":"closed","ping_status":"closed","template":"","meta":{"footnotes":""},"class_list":["post-78","page","type-page","status-publish","hentry"],"_links":{"self":[{"href":"https:\/\/summum-consultinggroup.com\/index.php?rest_route=\/wp\/v2\/pages\/78","targetHints":{"allow":["GET"]}}],"collection":[{"href":"https:\/\/summum-consultinggroup.com\/index.php?rest_route=\/wp\/v2\/pages"}],"about":[{"href":"https:\/\/summum-consultinggroup.com\/index.php?rest_route=\/wp\/v2\/types\/page"}],"author":[{"embeddable":true,"href":"https:\/\/summum-consultinggroup.com\/index.php?rest_route=\/wp\/v2\/users\/1"}],"replies":[{"embeddable":true,"href":"https:\/\/summum-consultinggroup.com\/index.php?rest_route=%2Fwp%2Fv2%2Fcomments&post=78"}],"version-history":[{"count":2,"href":"https:\/\/summum-consultinggroup.com\/index.php?rest_route=\/wp\/v2\/pages\/78\/revisions"}],"predecessor-version":[{"id":306,"href":"https:\/\/summum-consultinggroup.com\/index.php?rest_route=\/wp\/v2\/pages\/78\/revisions\/306"}],"wp:attachment":[{"href":"https:\/\/summum-consultinggroup.com\/index.php?rest_route=%2Fwp%2Fv2%2Fmedia&parent=78"}],"curies":[{"name":"wp","href":"https:\/\/api.w.org\/{rel}","templated":true}]}}