{"id":80,"date":"2025-11-04T12:43:59","date_gmt":"2025-11-04T11:43:59","guid":{"rendered":"https:\/\/summum-consultinggroup.com\/?page_id=80"},"modified":"2025-11-05T15:52:47","modified_gmt":"2025-11-05T14:52:47","slug":"mobilisation-des-ressources-financieres","status":"publish","type":"page","link":"https:\/\/summum-consultinggroup.com\/?page_id=80","title":{"rendered":"Mobilisation des ressources financi\u00e8res"},"content":{"rendered":"<p><img loading=\"lazy\" decoding=\"async\" class=\"aligncenter wp-image-307 size-full\" src=\"https:\/\/summum-consultinggroup.com\/wp-content\/uploads\/2025\/11\/finance.png\" alt=\"\" width=\"850\" height=\"461\" srcset=\"https:\/\/summum-consultinggroup.com\/wp-content\/uploads\/2025\/11\/finance.png 850w, https:\/\/summum-consultinggroup.com\/wp-content\/uploads\/2025\/11\/finance-300x163.png 300w, https:\/\/summum-consultinggroup.com\/wp-content\/uploads\/2025\/11\/finance-768x417.png 768w\" sizes=\"auto, (max-width: 850px) 100vw, 850px\" \/>Gr\u00e2ce \u00e0 son r\u00e9seau de partenaires financiers internationaux et locaux, nous proposons \u00e0 nos clients des services de mise en relation et de mobilisation des ressources financi\u00e8res pour le financement des projets et entreprises.<\/p>\n","protected":false},"excerpt":{"rendered":"<p>Gr\u00e2ce \u00e0 son r\u00e9seau de partenaires financiers internationaux et locaux, nous proposons \u00e0 nos clients des services de mise en relation et de mobilisation des ressources financi\u00e8res pour le financement des projets et entreprises.<\/p>\n","protected":false},"author":1,"featured_media":0,"parent":0,"menu_order":0,"comment_status":"closed","ping_status":"closed","template":"","meta":{"footnotes":""},"class_list":["post-80","page","type-page","status-publish","hentry"],"_links":{"self":[{"href":"https:\/\/summum-consultinggroup.com\/index.php?rest_route=\/wp\/v2\/pages\/80","targetHints":{"allow":["GET"]}}],"collection":[{"href":"https:\/\/summum-consultinggroup.com\/index.php?rest_route=\/wp\/v2\/pages"}],"about":[{"href":"https:\/\/summum-consultinggroup.com\/index.php?rest_route=\/wp\/v2\/types\/page"}],"author":[{"embeddable":true,"href":"https:\/\/summum-consultinggroup.com\/index.php?rest_route=\/wp\/v2\/users\/1"}],"replies":[{"embeddable":true,"href":"https:\/\/summum-consultinggroup.com\/index.php?rest_route=%2Fwp%2Fv2%2Fcomments&post=80"}],"version-history":[{"count":2,"href":"https:\/\/summum-consultinggroup.com\/index.php?rest_route=\/wp\/v2\/pages\/80\/revisions"}],"predecessor-version":[{"id":308,"href":"https:\/\/summum-consultinggroup.com\/index.php?rest_route=\/wp\/v2\/pages\/80\/revisions\/308"}],"wp:attachment":[{"href":"https:\/\/summum-consultinggroup.com\/index.php?rest_route=%2Fwp%2Fv2%2Fmedia&parent=80"}],"curies":[{"name":"wp","href":"https:\/\/api.w.org\/{rel}","templated":true}]}}