{"id":82,"date":"2025-11-04T12:46:05","date_gmt":"2025-11-04T11:46:05","guid":{"rendered":"https:\/\/summum-consultinggroup.com\/?page_id=82"},"modified":"2025-11-05T14:46:15","modified_gmt":"2025-11-05T13:46:15","slug":"marketing-ventes-et-statistiques","status":"publish","type":"page","link":"https:\/\/summum-consultinggroup.com\/?page_id=82","title":{"rendered":"Marketing, ventes et statistiques"},"content":{"rendered":"<p style=\"text-align: justify;\"><img loading=\"lazy\" decoding=\"async\" class=\"alignleft wp-image-266 \" src=\"https:\/\/summum-consultinggroup.com\/wp-content\/uploads\/2025\/11\/communication-300x241.png\" alt=\"\" width=\"393\" height=\"316\" srcset=\"https:\/\/summum-consultinggroup.com\/wp-content\/uploads\/2025\/11\/communication-300x241.png 300w, https:\/\/summum-consultinggroup.com\/wp-content\/uploads\/2025\/11\/communication-1024x823.png 1024w, https:\/\/summum-consultinggroup.com\/wp-content\/uploads\/2025\/11\/communication-768x617.png 768w, https:\/\/summum-consultinggroup.com\/wp-content\/uploads\/2025\/11\/communication.png 1141w\" sizes=\"auto, (max-width: 393px) 100vw, 393px\" \/>Dans un contexte d\u2019affaires marqu\u00e9 par une concurrence sans merci, la raret\u00e9 des ressources et des clients devenus plus que jamais exigeants, gagner des parts de march\u00e9 est devenu un v\u00e9ritable d\u00e9fi quotidien pour le chef d\u2019entreprise. Pourtant relever ce d\u00e9fi est une condition sine qua non de la p\u00e9rennit\u00e9 de l\u2019entreprise. C\u2019est pour permettre aux entreprises de relever ce d\u00e9fi que SUMMUM CONSULTING GROUP leur propose des solutions marketing et vente adapt\u00e9es \u00e0 chaque \u00e9tape de leur cycle de vie.<\/p>\n<p style=\"text-align: justify;\">Nos solutions d\u2019\u00e9tudes et conseils en marketing et vente sont con\u00e7ues pour aider l\u2019entreprise \u00e0 se positionner, g\u00e9n\u00e9rer plus de notori\u00e9t\u00e9, construire son image, accro\u00eetre son chiffre d\u2019affaires et optimiser ses marges b\u00e9n\u00e9ficiaires. L\u2019offre se compose des prestations suivantes :<\/p>\n<ul style=\"text-align: justify;\">\n<li>\u00c9tude de march\u00e9 (satisfaction, concept, lancement, impact, positionnement, image, etc.)<\/li>\n<li>Strat\u00e9gie de gestion de la relation Client\/Marketing relationnel (CRM\/GRC)<\/li>\n<li>\u00c9laboration de plan marketing<\/li>\n<li>Elaboration et suivi de programmes de fid\u00e9lisation<\/li>\n<li>Accompagnement dans le d\u00e9veloppement de l\u2019orientation client<\/li>\n<li>Strat\u00e9gie de marketing social (plaidoyer sant\u00e9, s\u00e9curit\u00e9, \u00e9ducation, environnement) \u2013<\/li>\n<li>D\u00e9ploiement d\u2019actions de marketing op\u00e9rationnel (promotion des ventes, street marketing, buzz marketing, prospection)<\/li>\n<li>Elaboration de plan de d\u00e9veloppement commercial<\/li>\n<li>\u00c9laboration et d\u00e9ploiement de Plans d\u2019Action Commerciale<\/li>\n<li>Accompagnement au lancement de nouveaux produits<\/li>\n<li>Recherche de partenariats commerciaux<\/li>\n<li>Elaboration de strat\u00e9gies marketing et commerciale<\/li>\n<li>Accompagnement au d\u00e9ploiement de solutions logicielles marketing (ERP)<\/li>\n<li>Accompagnement de strat\u00e9gies de marketing digital (digital marketing)<\/li>\n<\/ul>\n<p style=\"text-align: justify;\">En outre, nous mettons \u00e0 la disposition des entreprises des commerciaux form\u00e9s et pr\u00eats \u00e0 les aider \u00e0 faire du chiffre.<\/p>\n<p style=\"text-align: justify;\">Notre offre en statistiques comprend la collecte et le traitement de donn\u00e9es pour informer la prise de d\u00e9cision. Il peut s\u2019agir de donn\u00e9es sur les march\u00e9s, sectorielles, clients, internes, \u00e9conomiques, faisabilit\u00e9 de projet, financi\u00e8res, sociologiques, etc. Nous disposons de l\u2019expertise et des outils les plus performants (logiciels et mat\u00e9riels) pour garantir la fiabilit\u00e9 de la collecte, du traitement de l\u2019analyse des donn\u00e9es.<\/p>\n","protected":false},"excerpt":{"rendered":"<p>Dans un contexte d\u2019affaires marqu\u00e9 par une concurrence sans merci, la raret\u00e9 des ressources et des clients devenus plus que jamais exigeants, gagner des parts de march\u00e9 est devenu un v\u00e9ritable d\u00e9fi quotidien pour le chef d\u2019entreprise. Pourtant relever ce d\u00e9fi est une condition sine qua non de la p\u00e9rennit\u00e9 de l\u2019entreprise. C\u2019est pour permettre [&hellip;]<\/p>\n","protected":false},"author":1,"featured_media":0,"parent":0,"menu_order":0,"comment_status":"closed","ping_status":"closed","template":"","meta":{"footnotes":""},"class_list":["post-82","page","type-page","status-publish","hentry"],"_links":{"self":[{"href":"https:\/\/summum-consultinggroup.com\/index.php?rest_route=\/wp\/v2\/pages\/82","targetHints":{"allow":["GET"]}}],"collection":[{"href":"https:\/\/summum-consultinggroup.com\/index.php?rest_route=\/wp\/v2\/pages"}],"about":[{"href":"https:\/\/summum-consultinggroup.com\/index.php?rest_route=\/wp\/v2\/types\/page"}],"author":[{"embeddable":true,"href":"https:\/\/summum-consultinggroup.com\/index.php?rest_route=\/wp\/v2\/users\/1"}],"replies":[{"embeddable":true,"href":"https:\/\/summum-consultinggroup.com\/index.php?rest_route=%2Fwp%2Fv2%2Fcomments&post=82"}],"version-history":[{"count":4,"href":"https:\/\/summum-consultinggroup.com\/index.php?rest_route=\/wp\/v2\/pages\/82\/revisions"}],"predecessor-version":[{"id":269,"href":"https:\/\/summum-consultinggroup.com\/index.php?rest_route=\/wp\/v2\/pages\/82\/revisions\/269"}],"wp:attachment":[{"href":"https:\/\/summum-consultinggroup.com\/index.php?rest_route=%2Fwp%2Fv2%2Fmedia&parent=82"}],"curies":[{"name":"wp","href":"https:\/\/api.w.org\/{rel}","templated":true}]}}