{"id":88,"date":"2025-11-04T12:49:44","date_gmt":"2025-11-04T11:49:44","guid":{"rendered":"https:\/\/summum-consultinggroup.com\/?page_id=88"},"modified":"2025-11-05T16:01:23","modified_gmt":"2025-11-05T15:01:23","slug":"formation-technique-et-en-management","status":"publish","type":"page","link":"https:\/\/summum-consultinggroup.com\/?page_id=88","title":{"rendered":"Formation technique et en management"},"content":{"rendered":"<p style=\"text-align: justify;\"><img loading=\"lazy\" decoding=\"async\" class=\"wp-image-311 size-full aligncenter\" src=\"https:\/\/summum-consultinggroup.com\/wp-content\/uploads\/2025\/11\/formation.png\" alt=\"\" width=\"588\" height=\"400\" srcset=\"https:\/\/summum-consultinggroup.com\/wp-content\/uploads\/2025\/11\/formation.png 588w, https:\/\/summum-consultinggroup.com\/wp-content\/uploads\/2025\/11\/formation-300x204.png 300w\" sizes=\"auto, (max-width: 588px) 100vw, 588px\" \/>La performance et la comp\u00e9titivit\u00e9 des entreprises passant par le d\u00e9veloppement des comp\u00e9tences de leurs ressources humaines, SUMMUM CONSULTING GROUP \u00a0leur propose des formations adapt\u00e9es \u00e0 leurs besoins. La gamme de nos prestations de formation s\u2019\u00e9tend de la formation courte, pour d\u00e9velopper la comp\u00e9tence et s\u2019adapter aux \u00e9volutions des m\u00e9tiers, \u00e0 la formation longue pour favoriser les \u00e9volutions professionnelles et accompagner les prises de fonction.\u00a0 Notre approche d\u2019animation des formations s\u2019appuie sur l\u2019apprentissage exp\u00e9rientiel. Les domaines couverts par nos formations sont\u00a0:<\/p>\n<ul style=\"text-align: justify;\">\n<li>Le management des entreprises<\/li>\n<li>Le marketing<\/li>\n<li>La vente<\/li>\n<li>La communication<\/li>\n<li>L\u2019ing\u00e9nierie des affaires,<\/li>\n<li>Le management des organisations<\/li>\n<li>Le tourisme<\/li>\n<li>L\u2019H\u00f4tellerie<\/li>\n<li>Le management des ONG<\/li>\n<li>L\u2019innovation et la cr\u00e9ativit\u00e9<\/li>\n<li>L\u2019entrepreneuriat<\/li>\n<li>Le fundraising<\/li>\n<li>L\u2019\u00e9ducation financi\u00e8re<\/li>\n<li>Les langues (anglais, fran\u00e7ais et espagnol)<\/li>\n<\/ul>\n<p style=\"text-align: justify;\"><em>NB\u00a0:<\/em>\u00a0Le catalogue de nos formations est disponible \u00e0 la demande.<\/p>\n","protected":false},"excerpt":{"rendered":"<p>La performance et la comp\u00e9titivit\u00e9 des entreprises passant par le d\u00e9veloppement des comp\u00e9tences de leurs ressources humaines, SUMMUM CONSULTING GROUP \u00a0leur propose des formations adapt\u00e9es \u00e0 leurs besoins. La gamme de nos prestations de formation s\u2019\u00e9tend de la formation courte, pour d\u00e9velopper la comp\u00e9tence et s\u2019adapter aux \u00e9volutions des m\u00e9tiers, \u00e0 la formation longue pour [&hellip;]<\/p>\n","protected":false},"author":1,"featured_media":0,"parent":0,"menu_order":0,"comment_status":"closed","ping_status":"closed","template":"","meta":{"footnotes":""},"class_list":["post-88","page","type-page","status-publish","hentry"],"_links":{"self":[{"href":"https:\/\/summum-consultinggroup.com\/index.php?rest_route=\/wp\/v2\/pages\/88","targetHints":{"allow":["GET"]}}],"collection":[{"href":"https:\/\/summum-consultinggroup.com\/index.php?rest_route=\/wp\/v2\/pages"}],"about":[{"href":"https:\/\/summum-consultinggroup.com\/index.php?rest_route=\/wp\/v2\/types\/page"}],"author":[{"embeddable":true,"href":"https:\/\/summum-consultinggroup.com\/index.php?rest_route=\/wp\/v2\/users\/1"}],"replies":[{"embeddable":true,"href":"https:\/\/summum-consultinggroup.com\/index.php?rest_route=%2Fwp%2Fv2%2Fcomments&post=88"}],"version-history":[{"count":2,"href":"https:\/\/summum-consultinggroup.com\/index.php?rest_route=\/wp\/v2\/pages\/88\/revisions"}],"predecessor-version":[{"id":312,"href":"https:\/\/summum-consultinggroup.com\/index.php?rest_route=\/wp\/v2\/pages\/88\/revisions\/312"}],"wp:attachment":[{"href":"https:\/\/summum-consultinggroup.com\/index.php?rest_route=%2Fwp%2Fv2%2Fmedia&parent=88"}],"curies":[{"name":"wp","href":"https:\/\/api.w.org\/{rel}","templated":true}]}}