{"id":9,"date":"2025-11-03T18:12:16","date_gmt":"2025-11-03T17:12:16","guid":{"rendered":"https:\/\/summum-consultinggroup.com\/?page_id=9"},"modified":"2025-11-05T17:57:22","modified_gmt":"2025-11-05T16:57:22","slug":"nos-partenaires","status":"publish","type":"page","link":"https:\/\/summum-consultinggroup.com\/?page_id=9","title":{"rendered":"Nos clients &#038; partenaires"},"content":{"rendered":"<p>Dans l\u2019ex\u00e9cution de ses missions SUMMUM CONSULTING GROUP s\u2019appuie sur un r\u00e9seau de partenaires sp\u00e9cialis\u00e9s et pr\u00e9sents au Burkina Faso et \u00e0 l\u2019international.\u00a0 Ce sont\u00a0:<\/p>\n<p><img loading=\"lazy\" decoding=\"async\" class=\"alignnone wp-image-334 size-large\" src=\"https:\/\/summum-consultinggroup.com\/wp-content\/uploads\/2025\/11\/partt-1024x811.png\" alt=\"\" width=\"1024\" height=\"811\" srcset=\"https:\/\/summum-consultinggroup.com\/wp-content\/uploads\/2025\/11\/partt-1024x811.png 1024w, https:\/\/summum-consultinggroup.com\/wp-content\/uploads\/2025\/11\/partt-300x238.png 300w, https:\/\/summum-consultinggroup.com\/wp-content\/uploads\/2025\/11\/partt-768x608.png 768w, https:\/\/summum-consultinggroup.com\/wp-content\/uploads\/2025\/11\/partt.png 1128w\" sizes=\"auto, (max-width: 1024px) 100vw, 1024px\" \/><\/p>\n<p>&nbsp;<\/p>\n","protected":false},"excerpt":{"rendered":"<p>Dans l\u2019ex\u00e9cution de ses missions SUMMUM CONSULTING GROUP s\u2019appuie sur un r\u00e9seau de partenaires sp\u00e9cialis\u00e9s et pr\u00e9sents au Burkina Faso et \u00e0 l\u2019international.\u00a0 Ce sont\u00a0: &nbsp;<\/p>\n","protected":false},"author":1,"featured_media":0,"parent":0,"menu_order":0,"comment_status":"closed","ping_status":"closed","template":"","meta":{"footnotes":""},"class_list":["post-9","page","type-page","status-publish","hentry"],"_links":{"self":[{"href":"https:\/\/summum-consultinggroup.com\/index.php?rest_route=\/wp\/v2\/pages\/9","targetHints":{"allow":["GET"]}}],"collection":[{"href":"https:\/\/summum-consultinggroup.com\/index.php?rest_route=\/wp\/v2\/pages"}],"about":[{"href":"https:\/\/summum-consultinggroup.com\/index.php?rest_route=\/wp\/v2\/types\/page"}],"author":[{"embeddable":true,"href":"https:\/\/summum-consultinggroup.com\/index.php?rest_route=\/wp\/v2\/users\/1"}],"replies":[{"embeddable":true,"href":"https:\/\/summum-consultinggroup.com\/index.php?rest_route=%2Fwp%2Fv2%2Fcomments&post=9"}],"version-history":[{"count":6,"href":"https:\/\/summum-consultinggroup.com\/index.php?rest_route=\/wp\/v2\/pages\/9\/revisions"}],"predecessor-version":[{"id":335,"href":"https:\/\/summum-consultinggroup.com\/index.php?rest_route=\/wp\/v2\/pages\/9\/revisions\/335"}],"wp:attachment":[{"href":"https:\/\/summum-consultinggroup.com\/index.php?rest_route=%2Fwp%2Fv2%2Fmedia&parent=9"}],"curies":[{"name":"wp","href":"https:\/\/api.w.org\/{rel}","templated":true}]}}