{"id":90,"date":"2025-11-04T12:52:00","date_gmt":"2025-11-04T11:52:00","guid":{"rendered":"https:\/\/summum-consultinggroup.com\/?page_id=90"},"modified":"2025-11-05T16:30:13","modified_gmt":"2025-11-05T15:30:13","slug":"industrie-4-0","status":"publish","type":"page","link":"https:\/\/summum-consultinggroup.com\/?page_id=90","title":{"rendered":"Industrie 4.0"},"content":{"rendered":"<p style=\"text-align: justify;\"><img loading=\"lazy\" decoding=\"async\" class=\"wp-image-323 size-full alignleft\" src=\"https:\/\/summum-consultinggroup.com\/wp-content\/uploads\/2025\/11\/indu.png\" alt=\"\" width=\"597\" height=\"400\" srcset=\"https:\/\/summum-consultinggroup.com\/wp-content\/uploads\/2025\/11\/indu.png 597w, https:\/\/summum-consultinggroup.com\/wp-content\/uploads\/2025\/11\/indu-300x201.png 300w\" sizes=\"auto, (max-width: 597px) 100vw, 597px\" \/>Le r\u00f4le primordial de l&rsquo;industrialisation dans le d\u00e9veloppement \u00e9conomique des pays est ind\u00e9niable. Il existe en effet une corr\u00e9lation manifeste entre le niveau de d\u00e9veloppement global d&rsquo;un pays et son niveau de d\u00e9veloppement industriel, comme en t\u00e9moigne la croissance spectaculaire de la Chine, port\u00e9e par l&rsquo;industrie, au cours de la derni\u00e8re d\u00e9cennie. Ce constat s&rsquo;appuie \u00e9galement sur les lois de Kaldor, selon lesquelles \u00ab la croissance du PIB est positivement corr\u00e9l\u00e9e \u00e0 la croissance du secteur manufacturier \u00bb et \u00ab la productivit\u00e9 du secteur non manufacturier est positivement corr\u00e9l\u00e9e \u00e0 la croissance du secteur manufacturier \u00bb.<\/p>\n<p style=\"text-align: justify;\">Par ailleurs, l&rsquo;industrie, appr\u00e9hend\u00e9e principalement comme le secteur manufacturier, a connu des transformations fondamentales, concr\u00e9tis\u00e9es par le concept de r\u00e9volution industrielle. De la premi\u00e8re r\u00e9volution industrielle de la fin du XIXe si\u00e8cle, caract\u00e9ris\u00e9e par la m\u00e9canisation de la production gr\u00e2ce \u00e0 l&rsquo;\u00e9nergie hydraulique et \u00e0 la vapeur, \u00e0 la troisi\u00e8me r\u00e9volution, marqu\u00e9e par l&rsquo;utilisation massive et ing\u00e9nieuse de l&rsquo;\u00e9lectronique et des technologies de l&rsquo;information pour automatiser la production, en passant par la deuxi\u00e8me r\u00e9volution, caract\u00e9ris\u00e9e par l&rsquo;utilisation de l&rsquo;\u00e9nergie \u00e9lectrique pour la production de masse, le concept de quatri\u00e8me r\u00e9volution industrielle a r\u00e9cemment \u00e9merg\u00e9. Elle est per\u00e7ue comme l&rsquo;aboutissement de la Troisi\u00e8me R\u00e9volution, amorc\u00e9e au milieu du si\u00e8cle dernier. Caract\u00e9ris\u00e9e par une combinaison in\u00e9dite de \u00ab mat\u00e9riel, de logiciels et de ressources humaines \u00bb, elle est envisag\u00e9e comme une avanc\u00e9e majeure susceptible d&rsquo;engendrer des gains concrets en termes de productivit\u00e9 et de rentabilit\u00e9.<\/p>\n<p style=\"text-align: justify;\">Toutefois, si les pays traditionnellement d\u00e9velopp\u00e9s abordent la Quatri\u00e8me R\u00e9volution avec une relative assurance, qu&rsquo;en est-il des pays en d\u00e9veloppement en g\u00e9n\u00e9ral, et plus particuli\u00e8rement des pays africains et des pays membres du Programme de coop\u00e9ration de l&rsquo;ONUDI (PCP)\u00a0? Quels sont les d\u00e9fis \u00e0 relever et les opportunit\u00e9s \u00e0 saisir\u00a0? Ces pays sont-ils suffisamment pr\u00e9par\u00e9s \u00e0 la Quatri\u00e8me R\u00e9volution\u00a0? Quelles mesures et r\u00e9formes politiques globales doivent-ils mettre en \u0153uvre de la part des pays africains et des pays membres du PCP de l&rsquo;ONUDI pour tirer pleinement parti de la Quatri\u00e8me R\u00e9volution industrielle\u00a0?<\/p>\n","protected":false},"excerpt":{"rendered":"<p>Le r\u00f4le primordial de l&rsquo;industrialisation dans le d\u00e9veloppement \u00e9conomique des pays est ind\u00e9niable. Il existe en effet une corr\u00e9lation manifeste entre le niveau de d\u00e9veloppement global d&rsquo;un pays et son niveau de d\u00e9veloppement industriel, comme en t\u00e9moigne la croissance spectaculaire de la Chine, port\u00e9e par l&rsquo;industrie, au cours de la derni\u00e8re d\u00e9cennie. Ce constat s&rsquo;appuie [&hellip;]<\/p>\n","protected":false},"author":1,"featured_media":0,"parent":0,"menu_order":0,"comment_status":"closed","ping_status":"closed","template":"","meta":{"footnotes":""},"class_list":["post-90","page","type-page","status-publish","hentry"],"_links":{"self":[{"href":"https:\/\/summum-consultinggroup.com\/index.php?rest_route=\/wp\/v2\/pages\/90","targetHints":{"allow":["GET"]}}],"collection":[{"href":"https:\/\/summum-consultinggroup.com\/index.php?rest_route=\/wp\/v2\/pages"}],"about":[{"href":"https:\/\/summum-consultinggroup.com\/index.php?rest_route=\/wp\/v2\/types\/page"}],"author":[{"embeddable":true,"href":"https:\/\/summum-consultinggroup.com\/index.php?rest_route=\/wp\/v2\/users\/1"}],"replies":[{"embeddable":true,"href":"https:\/\/summum-consultinggroup.com\/index.php?rest_route=%2Fwp%2Fv2%2Fcomments&post=90"}],"version-history":[{"count":3,"href":"https:\/\/summum-consultinggroup.com\/index.php?rest_route=\/wp\/v2\/pages\/90\/revisions"}],"predecessor-version":[{"id":325,"href":"https:\/\/summum-consultinggroup.com\/index.php?rest_route=\/wp\/v2\/pages\/90\/revisions\/325"}],"wp:attachment":[{"href":"https:\/\/summum-consultinggroup.com\/index.php?rest_route=%2Fwp%2Fv2%2Fmedia&parent=90"}],"curies":[{"name":"wp","href":"https:\/\/api.w.org\/{rel}","templated":true}]}}