{"id":96,"date":"2025-11-04T12:59:44","date_gmt":"2025-11-04T11:59:44","guid":{"rendered":"https:\/\/summum-consultinggroup.com\/?page_id=96"},"modified":"2025-11-05T16:26:10","modified_gmt":"2025-11-05T15:26:10","slug":"impact-investing","status":"publish","type":"page","link":"https:\/\/summum-consultinggroup.com\/?page_id=96","title":{"rendered":"Impact investing"},"content":{"rendered":"<p><!--StartFragment --><\/p>\n<p><img loading=\"lazy\" decoding=\"async\" class=\" wp-image-321 alignleft\" src=\"https:\/\/summum-consultinggroup.com\/wp-content\/uploads\/2025\/11\/redi-1-300x252.png\" alt=\"\" width=\"124\" height=\"104\" srcset=\"https:\/\/summum-consultinggroup.com\/wp-content\/uploads\/2025\/11\/redi-1-300x252.png 300w, https:\/\/summum-consultinggroup.com\/wp-content\/uploads\/2025\/11\/redi-1.png 412w\" sizes=\"auto, (max-width: 124px) 100vw, 124px\" \/>L\u2019<strong>impact investing<\/strong>, ou <strong>investissement \u00e0 impact<\/strong>, est une approche qui vise \u00e0 g\u00e9n\u00e9rer <strong>des b\u00e9n\u00e9fices financiers tout en produisant un impact social ou environnemental positif et mesurable<\/strong>.:<\/p>\n<ul>\n<li><strong>Intentionnalit\u00e9 :<\/strong> L\u2019investisseur veut explicitement cr\u00e9er un impact positif.<\/li>\n<li><strong>Mesurabilit\u00e9<\/strong> : Les r\u00e9sultats sociaux ou environnementaux sont suivis et \u00e9valu\u00e9s.<\/li>\n<li><strong>Rentabilit\u00e9<\/strong> : L\u2019investissement peut \u00eatre \u00e0 rendement de march\u00e9 ou inf\u00e9rieur, selon les objectifs.<\/li>\n<\/ul>\n<p><!--EndFragment --><\/p>\n","protected":false},"excerpt":{"rendered":"<p>L\u2019impact investing, ou investissement \u00e0 impact, est une approche qui vise \u00e0 g\u00e9n\u00e9rer des b\u00e9n\u00e9fices financiers tout en produisant un impact social ou environnemental positif et mesurable.: Intentionnalit\u00e9 : L\u2019investisseur veut explicitement cr\u00e9er un impact positif. Mesurabilit\u00e9 : Les r\u00e9sultats sociaux ou environnementaux sont suivis et \u00e9valu\u00e9s. Rentabilit\u00e9 : L\u2019investissement peut \u00eatre \u00e0 rendement de [&hellip;]<\/p>\n","protected":false},"author":1,"featured_media":0,"parent":0,"menu_order":0,"comment_status":"closed","ping_status":"closed","template":"","meta":{"footnotes":""},"class_list":["post-96","page","type-page","status-publish","hentry"],"_links":{"self":[{"href":"https:\/\/summum-consultinggroup.com\/index.php?rest_route=\/wp\/v2\/pages\/96","targetHints":{"allow":["GET"]}}],"collection":[{"href":"https:\/\/summum-consultinggroup.com\/index.php?rest_route=\/wp\/v2\/pages"}],"about":[{"href":"https:\/\/summum-consultinggroup.com\/index.php?rest_route=\/wp\/v2\/types\/page"}],"author":[{"embeddable":true,"href":"https:\/\/summum-consultinggroup.com\/index.php?rest_route=\/wp\/v2\/users\/1"}],"replies":[{"embeddable":true,"href":"https:\/\/summum-consultinggroup.com\/index.php?rest_route=%2Fwp%2Fv2%2Fcomments&post=96"}],"version-history":[{"count":3,"href":"https:\/\/summum-consultinggroup.com\/index.php?rest_route=\/wp\/v2\/pages\/96\/revisions"}],"predecessor-version":[{"id":322,"href":"https:\/\/summum-consultinggroup.com\/index.php?rest_route=\/wp\/v2\/pages\/96\/revisions\/322"}],"wp:attachment":[{"href":"https:\/\/summum-consultinggroup.com\/index.php?rest_route=%2Fwp%2Fv2%2Fmedia&parent=96"}],"curies":[{"name":"wp","href":"https:\/\/api.w.org\/{rel}","templated":true}]}}